{"id":27,"date":"2022-12-19T02:30:10","date_gmt":"2022-12-19T02:30:10","guid":{"rendered":"https:\/\/gaviaspreview.com\/wp\/gowilds\/?page_id=27"},"modified":"2022-12-19T02:30:10","modified_gmt":"2022-12-19T02:30:10","slug":"news","status":"publish","type":"page","link":"https:\/\/yesilinbaskenti.com.tr\/index.php\/news\/","title":{"rendered":"News 01"},"content":{"rendered":"\t\t<div data-elementor-type=\"wp-page\" data-elementor-id=\"27\" class=\"elementor elementor-27\">\n\t\t\t\t\t\t<section class=\"elementor-section elementor-top-section elementor-element elementor-element-15c24e5 elementor-section-full_width elementor-section-height-default elementor-section-height-default\" data-id=\"15c24e5\" data-element_type=\"section\">\n\t\t\t\t\t\t<div class=\"elementor-container elementor-column-gap-default\">\n\t\t\t\t\t<div class=\"elementor-column elementor-col-100 elementor-top-column elementor-element elementor-element-5072785\" data-id=\"5072785\" data-element_type=\"column\">\n\t\t\t<div class=\"elementor-widget-wrap elementor-element-populated\">\n\t\t\t\t\t\t<div class=\"elementor-element elementor-element-c198af0 elementor-widget elementor-widget-gva_post_breadcrumb\" data-id=\"c198af0\" data-element_type=\"widget\" data-widget_type=\"gva_post_breadcrumb.default\">\n\t\t\t\t<div class=\"elementor-widget-container\">\n\t\t\t<div class=\"gva-element-gva_post_breadcrumb gva-element\">   \r\n<div class=\"post-breadcrumb\">\r\n   <div class=\"custom-breadcrumb \" >\r\n            <div class=\"breadcrumb-main\">\r\n        <div class=\"container\">\r\n          <div class=\"breadcrumb-container-inner\">\r\n            <h2 class=\"heading-title\">News 01<\/h2><ol class=\"breadcrumb\"><li><a href=\"https:\/\/yesilinbaskenti.com.tr\">Home<\/a> <\/li> <li class=\"active\">Sayfa<\/li><\/ol>          <\/div>  \r\n        <\/div>   \r\n      <\/div>  \r\n   <\/div>\r\n<\/div>      \r\n\r\n<\/div>\t\t<\/div>\n\t\t\t\t<\/div>\n\t\t\t\t\t<\/div>\n\t\t<\/div>\n\t\t\t\t\t<\/div>\n\t\t<\/section>\n\t\t\t\t<section class=\"elementor-section elementor-top-section elementor-element elementor-element-2ac74c4 elementor-section-boxed elementor-section-height-default elementor-section-height-default\" data-id=\"2ac74c4\" data-element_type=\"section\">\n\t\t\t\t\t\t<div class=\"elementor-container elementor-column-gap-default\">\n\t\t\t\t\t<div class=\"elementor-column elementor-col-100 elementor-top-column elementor-element elementor-element-2d8cdf9\" data-id=\"2d8cdf9\" data-element_type=\"column\">\n\t\t\t<div class=\"elementor-widget-wrap elementor-element-populated\">\n\t\t\t\t\t\t<div class=\"elementor-element elementor-element-9678132 elementor-widget elementor-widget-gva-posts\" data-id=\"9678132\" data-element_type=\"widget\" data-widget_type=\"gva-posts.default\">\n\t\t\t\t<div class=\"elementor-widget-container\">\n\t\t\t<div class=\"gva-element-gva-posts gva-element\">  \r\n  <div class=\"gva-posts-grid clearfix gva-posts\">\r\n\t\t<div class=\"gva-content-items\"> \r\n\t\t  <div class=\"lg-block-grid-3 md-block-grid-3 sm-block-grid-2 xs-block-grid-2 xx-block-grid-1\">\r\n\t\t\t <div class=\"item-columns\"><article class=\"post-1914 post type-post status-publish format-standard has-post-thumbnail hentry category-elmadag category-ilceler category-parklar category-yesil-alan-ve-cevre\">\r\n   <div class=\"post post-one__single has-thumbnail\">\r\n      <div class=\"post-one__wrap\">\r\n         <div class=\"post-one__thumbnail\"><a href=\"https:\/\/yesilinbaskenti.com.tr\/index.php\/2025\/01\/03\/elmadag-kurtulus-kibar-sokak-adalarin-karsisinda-kalan-alan-vahit-cansever-parki\/\"><img fetchpriority=\"high\" decoding=\"async\" width=\"500\" height=\"360\" src=\"https:\/\/yesilinbaskenti.com.tr\/wp-content\/uploads\/2025\/01\/DJI_0021-500x360.jpg\" class=\"attachment-post-thumbnail size-post-thumbnail wp-post-image\" alt=\"ELMADA\u011e KURTULU\u015e K\u0130BAR SOKAK ADALARIN KAR\u015eISINDA KALAN ALAN (VAH\u0130T CANSEVER PARKI)\" \/><\/a><div class=\"entry-date\"><span class=\"date\">03<\/span><span class=\"month\">Oca<\/span><\/div><\/div>       \r\n         <div class=\"post-one__content\">\r\n            <div class=\"post-one__category\"><span class=\"cat-links\"><a href=\"https:\/\/yesilinbaskenti.com.tr\/index.php\/category\/ilceler\/elmadag\/\" rel=\"category tag\">Elmada\u011f<\/a>, <a href=\"https:\/\/yesilinbaskenti.com.tr\/index.php\/category\/ilceler\/\" rel=\"category tag\">\u0130l\u00e7eler<\/a>, <a href=\"https:\/\/yesilinbaskenti.com.tr\/index.php\/category\/parklar\/\" rel=\"category tag\">Parklar<\/a>, <a href=\"https:\/\/yesilinbaskenti.com.tr\/index.php\/category\/yesil-alan-ve-cevre\/\" rel=\"category tag\">Ye\u015fil Alan ve \u00c7evre<\/a><\/span><\/div>            <div class=\"post-one__content-inner\">\r\n               \r\n               <div class=\"post-one__meta\">\r\n                  <div class=\"clearfix meta-inline post-meta-1\"><span class=\"author vcard\"><i class=\"fas fa-user-circle\"><\/i>merve<\/span><span class=\"post-comment\"><i class=\"fas fa-comments\"><\/i>0 Comments<\/span><\/div>               <\/div> \r\n               <h3 class=\"post-one__title\"><a href=\"https:\/\/yesilinbaskenti.com.tr\/index.php\/2025\/01\/03\/elmadag-kurtulus-kibar-sokak-adalarin-karsisinda-kalan-alan-vahit-cansever-parki\/\" rel=\"bookmark\">ELMADA\u011e KURTULU\u015e K\u0130BAR SOKAK ADALARIN KAR\u015eISINDA KALAN ALAN (VAH\u0130T CANSEVER PARKI)<\/a><\/h3>\r\n               <div class=\"post-one__desc\">3.000 Metrekare alanda Meydan ve spor alan\u0131 bulunmaktad\u0131r.<\/div>               <div class=\"post-one__bottom\">\r\n                  <a class=\"post-one__read-more\" href=\"https:\/\/yesilinbaskenti.com.tr\/index.php\/2025\/01\/03\/elmadag-kurtulus-kibar-sokak-adalarin-karsisinda-kalan-alan-vahit-cansever-parki\/\">\r\n                    Read More                    <i class=\"fa-solid fa-arrow-right\"><\/i>\r\n                  <\/a>\r\n               <\/div>\r\n            <\/div>\r\n         <\/div>\r\n      <\/div>   \r\n   <\/div>   \r\n<\/article><\/div><div class=\"item-columns\"><article class=\"post-1900 post type-post status-publish format-standard has-post-thumbnail hentry category-elmadag category-ilceler category-parklar category-yesil-alan-ve-cevre\">\r\n   <div class=\"post post-one__single has-thumbnail\">\r\n      <div class=\"post-one__wrap\">\r\n         <div class=\"post-one__thumbnail\"><a href=\"https:\/\/yesilinbaskenti.com.tr\/index.php\/2025\/01\/03\/elmadag-ismetpasa-parki-2\/\"><img decoding=\"async\" width=\"500\" height=\"360\" src=\"https:\/\/yesilinbaskenti.com.tr\/wp-content\/uploads\/2025\/01\/DJI_0017-500x360.jpg\" class=\"attachment-post-thumbnail size-post-thumbnail wp-post-image\" alt=\"ELMADA\u011e \u0130SMETPA\u015eA PARKI\" \/><\/a><div class=\"entry-date\"><span class=\"date\">03<\/span><span class=\"month\">Oca<\/span><\/div><\/div>       \r\n         <div class=\"post-one__content\">\r\n            <div class=\"post-one__category\"><span class=\"cat-links\"><a href=\"https:\/\/yesilinbaskenti.com.tr\/index.php\/category\/ilceler\/elmadag\/\" rel=\"category tag\">Elmada\u011f<\/a>, <a href=\"https:\/\/yesilinbaskenti.com.tr\/index.php\/category\/ilceler\/\" rel=\"category tag\">\u0130l\u00e7eler<\/a>, <a href=\"https:\/\/yesilinbaskenti.com.tr\/index.php\/category\/parklar\/\" rel=\"category tag\">Parklar<\/a>, <a href=\"https:\/\/yesilinbaskenti.com.tr\/index.php\/category\/yesil-alan-ve-cevre\/\" rel=\"category tag\">Ye\u015fil Alan ve \u00c7evre<\/a><\/span><\/div>            <div class=\"post-one__content-inner\">\r\n               \r\n               <div class=\"post-one__meta\">\r\n                  <div class=\"clearfix meta-inline post-meta-1\"><span class=\"author vcard\"><i class=\"fas fa-user-circle\"><\/i>merve<\/span><span class=\"post-comment\"><i class=\"fas fa-comments\"><\/i>0 Comments<\/span><\/div>               <\/div> \r\n               <h3 class=\"post-one__title\"><a href=\"https:\/\/yesilinbaskenti.com.tr\/index.php\/2025\/01\/03\/elmadag-ismetpasa-parki-2\/\" rel=\"bookmark\">ELMADA\u011e \u0130SMETPA\u015eA PARKI<\/a><\/h3>\r\n               <div class=\"post-one__desc\">11.525 Metrekare alanda \u00c7ocuk Oyun Alan\u0131, Oturma Dinlenme Alanlar\u0131, Y\u00fcr\u00fcy\u00fc\u015f Yolu, Nil\u00fcfer Havuzu, Fitness Alan\u0131<\/div>               <div class=\"post-one__bottom\">\r\n                  <a class=\"post-one__read-more\" href=\"https:\/\/yesilinbaskenti.com.tr\/index.php\/2025\/01\/03\/elmadag-ismetpasa-parki-2\/\">\r\n                    Read More                    <i class=\"fa-solid fa-arrow-right\"><\/i>\r\n                  <\/a>\r\n               <\/div>\r\n            <\/div>\r\n         <\/div>\r\n      <\/div>   \r\n   <\/div>   \r\n<\/article><\/div><div class=\"item-columns\"><article class=\"post-1893 post type-post status-publish format-standard has-post-thumbnail hentry category-cankaya category-ilceler category-parklar category-yesil-alan-ve-cevre\">\r\n   <div class=\"post post-one__single has-thumbnail\">\r\n      <div class=\"post-one__wrap\">\r\n         <div class=\"post-one__thumbnail\"><a href=\"https:\/\/yesilinbaskenti.com.tr\/index.php\/2025\/01\/03\/cankaya-yildizevler-mahallesi-737-sokak-28043-1-ada-onu-park-yapim-isi\/\"><img decoding=\"async\" width=\"500\" height=\"360\" src=\"https:\/\/yesilinbaskenti.com.tr\/wp-content\/uploads\/2025\/01\/2-1-500x360.jpg\" class=\"attachment-post-thumbnail size-post-thumbnail wp-post-image\" alt=\"\u00c7ANKAYA YILDIZEVLER MAHALLES\u0130 737. SOKAK 28043\/1 ADA \u00d6N\u00dc PARK YAPIM \u0130\u015e\u0130\" \/><\/a><div class=\"entry-date\"><span class=\"date\">03<\/span><span class=\"month\">Oca<\/span><\/div><\/div>       \r\n         <div class=\"post-one__content\">\r\n            <div class=\"post-one__category\"><span class=\"cat-links\"><a href=\"https:\/\/yesilinbaskenti.com.tr\/index.php\/category\/ilceler\/cankaya\/\" rel=\"category tag\">\u00c7ankaya<\/a>, <a href=\"https:\/\/yesilinbaskenti.com.tr\/index.php\/category\/ilceler\/\" rel=\"category tag\">\u0130l\u00e7eler<\/a>, <a href=\"https:\/\/yesilinbaskenti.com.tr\/index.php\/category\/parklar\/\" rel=\"category tag\">Parklar<\/a>, <a href=\"https:\/\/yesilinbaskenti.com.tr\/index.php\/category\/yesil-alan-ve-cevre\/\" rel=\"category tag\">Ye\u015fil Alan ve \u00c7evre<\/a><\/span><\/div>            <div class=\"post-one__content-inner\">\r\n               \r\n               <div class=\"post-one__meta\">\r\n                  <div class=\"clearfix meta-inline post-meta-1\"><span class=\"author vcard\"><i class=\"fas fa-user-circle\"><\/i>merve<\/span><span class=\"post-comment\"><i class=\"fas fa-comments\"><\/i>0 Comments<\/span><\/div>               <\/div> \r\n               <h3 class=\"post-one__title\"><a href=\"https:\/\/yesilinbaskenti.com.tr\/index.php\/2025\/01\/03\/cankaya-yildizevler-mahallesi-737-sokak-28043-1-ada-onu-park-yapim-isi\/\" rel=\"bookmark\">\u00c7ANKAYA YILDIZEVLER MAHALLES\u0130 737. SOKAK 28043\/1 ADA \u00d6N\u00dc PARK YAPIM \u0130\u015e\u0130<\/a><\/h3>\r\n               <div class=\"post-one__desc\">6.305 Metrekare alanda Oturma-Dinlenme Alanlar\u0131, \u00c7ocuk Oyun Alan\u0131, T\u0131bbi Aromatik Bitki Seyir Alan\u0131, G\u00fcl Bah\u00e7eleri<\/div>               <div class=\"post-one__bottom\">\r\n                  <a class=\"post-one__read-more\" href=\"https:\/\/yesilinbaskenti.com.tr\/index.php\/2025\/01\/03\/cankaya-yildizevler-mahallesi-737-sokak-28043-1-ada-onu-park-yapim-isi\/\">\r\n                    Read More                    <i class=\"fa-solid fa-arrow-right\"><\/i>\r\n                  <\/a>\r\n               <\/div>\r\n            <\/div>\r\n         <\/div>\r\n      <\/div>   \r\n   <\/div>   \r\n<\/article><\/div><div class=\"item-columns\"><article class=\"post-1887 post type-post status-publish format-standard has-post-thumbnail hentry category-cankaya category-ilceler category-parklar category-yesil-alan-ve-cevre\">\r\n   <div class=\"post post-one__single has-thumbnail\">\r\n      <div class=\"post-one__wrap\">\r\n         <div class=\"post-one__thumbnail\"><a href=\"https:\/\/yesilinbaskenti.com.tr\/index.php\/2025\/01\/03\/cankaya-yasamkent-huner-sitesi-onu-park-alani\/\"><img loading=\"lazy\" decoding=\"async\" width=\"500\" height=\"360\" src=\"https:\/\/yesilinbaskenti.com.tr\/wp-content\/uploads\/2025\/01\/1-2-500x360.jpg\" class=\"attachment-post-thumbnail size-post-thumbnail wp-post-image\" alt=\"\u00c7ANKAYA YA\u015eAMKENT H\u00dcNER S\u0130TES\u0130 \u00d6N\u00dc PARK ALANI\" \/><\/a><div class=\"entry-date\"><span class=\"date\">03<\/span><span class=\"month\">Oca<\/span><\/div><\/div>       \r\n         <div class=\"post-one__content\">\r\n            <div class=\"post-one__category\"><span class=\"cat-links\"><a href=\"https:\/\/yesilinbaskenti.com.tr\/index.php\/category\/ilceler\/cankaya\/\" rel=\"category tag\">\u00c7ankaya<\/a>, <a href=\"https:\/\/yesilinbaskenti.com.tr\/index.php\/category\/ilceler\/\" rel=\"category tag\">\u0130l\u00e7eler<\/a>, <a href=\"https:\/\/yesilinbaskenti.com.tr\/index.php\/category\/parklar\/\" rel=\"category tag\">Parklar<\/a>, <a href=\"https:\/\/yesilinbaskenti.com.tr\/index.php\/category\/yesil-alan-ve-cevre\/\" rel=\"category tag\">Ye\u015fil Alan ve \u00c7evre<\/a><\/span><\/div>            <div class=\"post-one__content-inner\">\r\n               \r\n               <div class=\"post-one__meta\">\r\n                  <div class=\"clearfix meta-inline post-meta-1\"><span class=\"author vcard\"><i class=\"fas fa-user-circle\"><\/i>merve<\/span><span class=\"post-comment\"><i class=\"fas fa-comments\"><\/i>0 Comments<\/span><\/div>               <\/div> \r\n               <h3 class=\"post-one__title\"><a href=\"https:\/\/yesilinbaskenti.com.tr\/index.php\/2025\/01\/03\/cankaya-yasamkent-huner-sitesi-onu-park-alani\/\" rel=\"bookmark\">\u00c7ANKAYA YA\u015eAMKENT H\u00dcNER S\u0130TES\u0130 \u00d6N\u00dc PARK ALANI<\/a><\/h3>\r\n               <div class=\"post-one__desc\">2.850 Metrekare hali haz\u0131rdaki park alan\u0131nda Oturma Dinlenme Alanlar\u0131, Y\u00fcr\u00fcy\u00fc\u015f Yollar\u0131, Fitness alanlar\u0131 yap\u0131lm\u0131\u015ft\u0131r.<\/div>               <div class=\"post-one__bottom\">\r\n                  <a class=\"post-one__read-more\" href=\"https:\/\/yesilinbaskenti.com.tr\/index.php\/2025\/01\/03\/cankaya-yasamkent-huner-sitesi-onu-park-alani\/\">\r\n                    Read More                    <i class=\"fa-solid fa-arrow-right\"><\/i>\r\n                  <\/a>\r\n               <\/div>\r\n            <\/div>\r\n         <\/div>\r\n      <\/div>   \r\n   <\/div>   \r\n<\/article><\/div><div class=\"item-columns\"><article class=\"post-1881 post type-post status-publish format-standard has-post-thumbnail hentry category-cankaya category-ilceler category-parklar category-yesil-alan-ve-cevre\">\r\n   <div class=\"post post-one__single has-thumbnail\">\r\n      <div class=\"post-one__wrap\">\r\n         <div class=\"post-one__thumbnail\"><a href=\"https:\/\/yesilinbaskenti.com.tr\/index.php\/2025\/01\/03\/cankaya-umitkoy-mah-meksika-cad-2449-sokak-park-alani-caglayan-ustu\/\"><img loading=\"lazy\" decoding=\"async\" width=\"500\" height=\"360\" src=\"https:\/\/yesilinbaskenti.com.tr\/wp-content\/uploads\/2025\/01\/DJI_0895-500x360.jpg\" class=\"attachment-post-thumbnail size-post-thumbnail wp-post-image\" alt=\"\u00c7ANKAYA \u00dcMITK\u00d6Y MAH. MEKSIKA CAD. 2449. SOKAK PARK ALANI (\u00c7A\u011eLAYAN \u00dcST\u00dc)\" \/><\/a><div class=\"entry-date\"><span class=\"date\">03<\/span><span class=\"month\">Oca<\/span><\/div><\/div>       \r\n         <div class=\"post-one__content\">\r\n            <div class=\"post-one__category\"><span class=\"cat-links\"><a href=\"https:\/\/yesilinbaskenti.com.tr\/index.php\/category\/ilceler\/cankaya\/\" rel=\"category tag\">\u00c7ankaya<\/a>, <a href=\"https:\/\/yesilinbaskenti.com.tr\/index.php\/category\/ilceler\/\" rel=\"category tag\">\u0130l\u00e7eler<\/a>, <a href=\"https:\/\/yesilinbaskenti.com.tr\/index.php\/category\/parklar\/\" rel=\"category tag\">Parklar<\/a>, <a href=\"https:\/\/yesilinbaskenti.com.tr\/index.php\/category\/yesil-alan-ve-cevre\/\" rel=\"category tag\">Ye\u015fil Alan ve \u00c7evre<\/a><\/span><\/div>            <div class=\"post-one__content-inner\">\r\n               \r\n               <div class=\"post-one__meta\">\r\n                  <div class=\"clearfix meta-inline post-meta-1\"><span class=\"author vcard\"><i class=\"fas fa-user-circle\"><\/i>merve<\/span><span class=\"post-comment\"><i class=\"fas fa-comments\"><\/i>0 Comments<\/span><\/div>               <\/div> \r\n               <h3 class=\"post-one__title\"><a href=\"https:\/\/yesilinbaskenti.com.tr\/index.php\/2025\/01\/03\/cankaya-umitkoy-mah-meksika-cad-2449-sokak-park-alani-caglayan-ustu\/\" rel=\"bookmark\">\u00c7ANKAYA \u00dcMITK\u00d6Y MAH. MEKSIKA CAD. 2449. SOKAK PARK ALANI (\u00c7A\u011eLAYAN \u00dcST\u00dc)<\/a><\/h3>\r\n               <div class=\"post-one__desc\">4.500 Metrekare alanda Oturma Dinlenme Alanlar\u0131, \u00c7ocuk Oyun Alanlar\u0131, Y\u00fcr\u00fcy\u00fc\u015f Yollar\u0131, Fitness Alanlar\u0131, Basketbol Sahas\u0131<\/div>               <div class=\"post-one__bottom\">\r\n                  <a class=\"post-one__read-more\" href=\"https:\/\/yesilinbaskenti.com.tr\/index.php\/2025\/01\/03\/cankaya-umitkoy-mah-meksika-cad-2449-sokak-park-alani-caglayan-ustu\/\">\r\n                    Read More                    <i class=\"fa-solid fa-arrow-right\"><\/i>\r\n                  <\/a>\r\n               <\/div>\r\n            <\/div>\r\n         <\/div>\r\n      <\/div>   \r\n   <\/div>   \r\n<\/article><\/div><div class=\"item-columns\"><article class=\"post-1875 post type-post status-publish format-standard has-post-thumbnail hentry category-cankaya category-ilceler category-yesil-alan-ve-cevre\">\r\n   <div class=\"post post-one__single has-thumbnail\">\r\n      <div class=\"post-one__wrap\">\r\n         <div class=\"post-one__thumbnail\"><a href=\"https:\/\/yesilinbaskenti.com.tr\/index.php\/2025\/01\/03\/cankaya-cevre-koruma-ve-kontrol-dairesi-baskanligi-karsisi\/\"><img loading=\"lazy\" decoding=\"async\" width=\"500\" height=\"360\" src=\"https:\/\/yesilinbaskenti.com.tr\/wp-content\/uploads\/2025\/01\/DJI_0492-500x360.jpg\" class=\"attachment-post-thumbnail size-post-thumbnail wp-post-image\" alt=\"\u00c7ANKAYA \u00c7EVRE KORUMA ve KONTROL DA\u0130RES\u0130 BA\u015eKANLI\u011eI KAR\u015eISI\" \/><\/a><div class=\"entry-date\"><span class=\"date\">03<\/span><span class=\"month\">Oca<\/span><\/div><\/div>       \r\n         <div class=\"post-one__content\">\r\n            <div class=\"post-one__category\"><span class=\"cat-links\"><a href=\"https:\/\/yesilinbaskenti.com.tr\/index.php\/category\/ilceler\/cankaya\/\" rel=\"category tag\">\u00c7ankaya<\/a>, <a href=\"https:\/\/yesilinbaskenti.com.tr\/index.php\/category\/ilceler\/\" rel=\"category tag\">\u0130l\u00e7eler<\/a>, <a href=\"https:\/\/yesilinbaskenti.com.tr\/index.php\/category\/yesil-alan-ve-cevre\/\" rel=\"category tag\">Ye\u015fil Alan ve \u00c7evre<\/a><\/span><\/div>            <div class=\"post-one__content-inner\">\r\n               \r\n               <div class=\"post-one__meta\">\r\n                  <div class=\"clearfix meta-inline post-meta-1\"><span class=\"author vcard\"><i class=\"fas fa-user-circle\"><\/i>merve<\/span><span class=\"post-comment\"><i class=\"fas fa-comments\"><\/i>0 Comments<\/span><\/div>               <\/div> \r\n               <h3 class=\"post-one__title\"><a href=\"https:\/\/yesilinbaskenti.com.tr\/index.php\/2025\/01\/03\/cankaya-cevre-koruma-ve-kontrol-dairesi-baskanligi-karsisi\/\" rel=\"bookmark\">\u00c7ANKAYA \u00c7EVRE KORUMA ve KONTROL DA\u0130RES\u0130 BA\u015eKANLI\u011eI KAR\u015eISI<\/a><\/h3>\r\n               <div class=\"post-one__desc\">9.100 Metrekare alanda Oturma-Dinlenme Alanlar\u0131, Kaya Bah\u00e7esi yap\u0131larak kullan\u0131ma a\u00e7\u0131lm\u0131\u015ft\u0131r.<\/div>               <div class=\"post-one__bottom\">\r\n                  <a class=\"post-one__read-more\" href=\"https:\/\/yesilinbaskenti.com.tr\/index.php\/2025\/01\/03\/cankaya-cevre-koruma-ve-kontrol-dairesi-baskanligi-karsisi\/\">\r\n                    Read More                    <i class=\"fa-solid fa-arrow-right\"><\/i>\r\n                  <\/a>\r\n               <\/div>\r\n            <\/div>\r\n         <\/div>\r\n      <\/div>   \r\n   <\/div>   \r\n<\/article><\/div>\t\t  <\/div>\r\n\t\t<\/div>\r\n\t\t\t\t\t <div class=\"pagination\">\r\n\t\t\t\t  <div class=\"column one pager_wrapper\"><div class=\"pager\"><div class=\"paginations\"><a href=\"https:\/\/yesilinbaskenti.com.tr\/index.php\/wp-json\/wp\/v2\/pages\/27\/\" class=\"page-item active\">1<\/a><a href=\"https:\/\/yesilinbaskenti.com.tr\/index.php\/wp-json\/wp\/v2\/pages\/27\/page\/2\/\" class=\"page-item\">2<\/a><a href=\"https:\/\/yesilinbaskenti.com.tr\/index.php\/wp-json\/wp\/v2\/pages\/27\/page\/3\/\" class=\"page-item\">3<\/a><span class=\"page-item\">... <\/span><a href=\"https:\/\/yesilinbaskenti.com.tr\/index.php\/wp-json\/wp\/v2\/pages\/27\/page\/27\/\" class=\"page-item\">27<\/a><a class=\"next_page\" href=\"https:\/\/yesilinbaskenti.com.tr\/index.php\/wp-json\/wp\/v2\/pages\/27\/page\/2\/\"><i class=\"fas fa-chevron-right\"><\/i><\/a><\/div><\/div><\/div>\n\t\t\t <\/div>\r\n\t\t  <\/div>\r\n  <\/div>\t\t<\/div>\n\t\t\t\t<\/div>\n\t\t\t\t\t<\/div>\n\t\t<\/div>\n\t\t\t\t\t<\/div>\n\t\t<\/section>\n\t\t\t\t<section class=\"elementor-section elementor-top-section elementor-element elementor-element-b6b9d89 elementor-section-boxed elementor-section-height-default elementor-section-height-default\" data-id=\"b6b9d89\" data-element_type=\"section\" data-settings=\"{&quot;background_background&quot;:&quot;classic&quot;}\">\n\t\t\t\t\t\t<div class=\"elementor-container elementor-column-gap-default\">\n\t\t\t\t\t<div class=\"elementor-column elementor-col-50 elementor-top-column elementor-element elementor-element-b19d260\" data-id=\"b19d260\" data-element_type=\"column\">\n\t\t\t<div class=\"elementor-widget-wrap elementor-element-populated\">\n\t\t\t\t\t\t<div class=\"elementor-element elementor-element-7efdfef elementor-position-left elementor-vertical-align-middle icon-box-left elementor-view-default elementor-mobile-position-top elementor-widget elementor-widget-icon-box\" data-id=\"7efdfef\" data-element_type=\"widget\" data-widget_type=\"icon-box.default\">\n\t\t\t\t<div class=\"elementor-widget-container\">\n\t\t\t\t\t<div class=\"elementor-icon-box-wrapper\">\n\n\t\t\t\t\t\t<div class=\"elementor-icon-box-icon\">\n\t\t\t\t<span  class=\"elementor-icon elementor-animation-\">\n\t\t\t\t<i aria-hidden=\"true\" class=\" gwflaticon-travel\"><\/i>\t\t\t\t<\/span>\n\t\t\t<\/div>\n\t\t\t\n\t\t\t\t\t\t<div class=\"elementor-icon-box-content\">\n\n\t\t\t\t\t\t\t\t\t<h3 class=\"elementor-icon-box-title\">\n\t\t\t\t\t\t<span  >\n\t\t\t\t\t\t\tQUISEQUE VEL ORTOR\t\t\t\t\t\t<\/span>\n\t\t\t\t\t<\/h3>\n\t\t\t\t\n\t\t\t\t\t\t\t\t\t<p class=\"elementor-icon-box-description\">\n\t\t\t\t\t\tReady to adventure and enjoy natural\t\t\t\t\t<\/p>\n\t\t\t\t\n\t\t\t<\/div>\n\t\t\t\n\t\t<\/div>\n\t\t\t\t<\/div>\n\t\t\t\t<\/div>\n\t\t\t\t\t<\/div>\n\t\t<\/div>\n\t\t\t\t<div class=\"elementor-column elementor-col-50 elementor-top-column elementor-element elementor-element-adb556c\" data-id=\"adb556c\" data-element_type=\"column\">\n\t\t\t<div class=\"elementor-widget-wrap elementor-element-populated\">\n\t\t\t\t\t\t<div class=\"elementor-element elementor-element-6389af6 elementor-widget__width-auto elementor-widget elementor-widget-html\" data-id=\"6389af6\" data-element_type=\"widget\" data-widget_type=\"html.default\">\n\t\t\t\t<div class=\"elementor-widget-container\">\n\t\t\t<a class=\"btn-white\" href=\"https:\/\/gaviaspreview.com\/wp\/gowilds\/tours-page\/\">\n    Explore More\n<\/a>\t\t<\/div>\n\t\t\t\t<\/div>\n\t\t\t\t\t<\/div>\n\t\t<\/div>\n\t\t\t\t\t<\/div>\n\t\t<\/section>\n\t\t\t\t<\/div>\n\t\t","protected":false},"excerpt":{"rendered":"<p>The 8 best things about insurance Home 19Dec Adventure admin0 Comments The quality role of the life insurance in company There are many variations of but the majority have simply free text. Read More 19Dec City Tours admin0 Comments Which allows you to pay down insurance bills There are many variations of but the majority [&hellip;]<\/p>\n","protected":false},"author":1,"featured_media":0,"parent":0,"menu_order":0,"comment_status":"closed","ping_status":"closed","template":"","meta":{"footnotes":""},"class_list":["post-27","page","type-page","status-publish","hentry"],"_links":{"self":[{"href":"https:\/\/yesilinbaskenti.com.tr\/index.php\/wp-json\/wp\/v2\/pages\/27","targetHints":{"allow":["GET"]}}],"collection":[{"href":"https:\/\/yesilinbaskenti.com.tr\/index.php\/wp-json\/wp\/v2\/pages"}],"about":[{"href":"https:\/\/yesilinbaskenti.com.tr\/index.php\/wp-json\/wp\/v2\/types\/page"}],"author":[{"embeddable":true,"href":"https:\/\/yesilinbaskenti.com.tr\/index.php\/wp-json\/wp\/v2\/users\/1"}],"replies":[{"embeddable":true,"href":"https:\/\/yesilinbaskenti.com.tr\/index.php\/wp-json\/wp\/v2\/comments?post=27"}],"version-history":[{"count":0,"href":"https:\/\/yesilinbaskenti.com.tr\/index.php\/wp-json\/wp\/v2\/pages\/27\/revisions"}],"wp:attachment":[{"href":"https:\/\/yesilinbaskenti.com.tr\/index.php\/wp-json\/wp\/v2\/media?parent=27"}],"curies":[{"name":"wp","href":"https:\/\/api.w.org\/{rel}","templated":true}]}}